{"id":62790,"date":"2021-07-17T15:20:12","date_gmt":"2021-07-17T13:20:12","guid":{"rendered":"https:\/\/www.24hracing.at\/?page_id=62790"},"modified":"2023-09-01T23:16:28","modified_gmt":"2023-09-01T21:16:28","slug":"community-award","status":"publish","type":"page","link":"https:\/\/www.24hracing.at\/hu\/community-award\/","title":{"rendered":"K\u00f6z\u00f6ss\u00e9gi d\u00edj"},"content":{"rendered":"<!-- Added by Post\/Page Specific Custom Code plugin, thank you for using! -->\n<style>.ts_poll_vote_button{\r\n\tpadding: 10px !important;\r\n}<\/style>\n\n<div style=\"height:27px\" aria-hidden=\"true\" class=\"wp-block-spacer\"><\/div>\n\n\n<style>.kb-row-layout-wrap.wp-block-kadence-rowlayout.kb-row-layout-id62790_66890c-86{margin-bottom:0px;}.kb-row-layout-id62790_66890c-86 > .kt-row-column-wrap{align-content:center;}:where(.kb-row-layout-id62790_66890c-86 > .kt-row-column-wrap) > .wp-block-kadence-column{justify-content:center;}.kb-row-layout-id62790_66890c-86 > .kt-row-column-wrap{column-gap:var(--global-kb-gap-md, 2rem);row-gap:var(--global-kb-gap-md, 2rem);padding-top:25px;padding-bottom:0px;grid-template-columns:minmax(0, 1fr);}.kb-row-layout-id62790_66890c-86 > .kt-row-layout-overlay{opacity:0.00;}.kb-row-layout-id62790_66890c-86 .kt-row-layout-bottom-sep{height:43px;}.kb-row-layout-id62790_66890c-86 .kt-row-layout-bottom-sep svg{width:100%;}.kb-row-layout-id62790_66890c-86 .kt-row-layout-bottom-sep svg{fill:#a81414!important;}@media all and (max-width: 1024px){.kb-row-layout-id62790_66890c-86 > .kt-row-column-wrap{grid-template-columns:minmax(0, 1fr);}}@media all and (max-width: 1024px){.kb-row-layout-id62790_66890c-86 .kt-row-layout-bottom-sep{height:px;}}@media all and (max-width: 1024px){.kb-row-layout-id62790_66890c-86 .kt-row-layout-bottom-sep svg{width:%;}}@media all and (max-width: 767px){.kb-row-layout-id62790_66890c-86 > .kt-row-column-wrap{grid-template-columns:minmax(0, 1fr);}.kb-row-layout-id62790_66890c-86 .kt-row-layout-bottom-sep{height:px;}.kb-row-layout-id62790_66890c-86 .kt-row-layout-bottom-sep svg{width:%;}}<\/style><div class=\"kb-row-layout-wrap kb-row-layout-id62790_66890c-86 alignfull wp-block-kadence-rowlayout\"><div class=\"kt-row-column-wrap kt-has-1-columns kt-row-layout-equal kt-tab-layout-inherit kt-mobile-layout-row kt-row-valign-middle\">\n<style>.kadence-column62790_468ac3-56 > .kt-inside-inner-col{padding-bottom:0px;}.kadence-column62790_468ac3-56 > .kt-inside-inner-col,.kadence-column62790_468ac3-56 > .kt-inside-inner-col:before{border-top-left-radius:0px;border-top-right-radius:0px;border-bottom-right-radius:0px;border-bottom-left-radius:0px;}.kadence-column62790_468ac3-56 > .kt-inside-inner-col{column-gap:var(--global-kb-gap-sm, 1rem);}.kadence-column62790_468ac3-56 > .kt-inside-inner-col{flex-direction:column;}.kadence-column62790_468ac3-56 > .kt-inside-inner-col > .aligncenter{width:100%;}.kadence-column62790_468ac3-56 > .kt-inside-inner-col:before{opacity:0.3;}.kadence-column62790_468ac3-56{position:relative;}.kadence-column62790_468ac3-56, .kt-inside-inner-col > .kadence-column62790_468ac3-56:not(.specificity){margin-bottom:0px;}@media all and (max-width: 1024px){.kadence-column62790_468ac3-56 > .kt-inside-inner-col{flex-direction:column;justify-content:center;}}@media all and (max-width: 767px){.kadence-column62790_468ac3-56 > .kt-inside-inner-col{flex-direction:column;justify-content:center;}}<\/style>\n<div class=\"wp-block-kadence-column kadence-column62790_468ac3-56 inner-column-1\"><div class=\"kt-inside-inner-col\"><style>.wp-block-kadence-advancedheading.kt-adv-heading62790_52318d-17, .wp-block-kadence-advancedheading.kt-adv-heading62790_52318d-17[data-kb-block=\"kb-adv-heading62790_52318d-17\"]{text-align:center;font-weight:800;font-style:normal;font-family:Inter;}.wp-block-kadence-advancedheading.kt-adv-heading62790_52318d-17 mark.kt-highlight, .wp-block-kadence-advancedheading.kt-adv-heading62790_52318d-17[data-kb-block=\"kb-adv-heading62790_52318d-17\"] mark.kt-highlight{font-style:normal;color:#f76a0c;-webkit-box-decoration-break:clone;box-decoration-break:clone;padding-top:0px;padding-right:0px;padding-bottom:0px;padding-left:0px;}.wp-block-kadence-advancedheading.kt-adv-heading62790_52318d-17 img.kb-inline-image, .wp-block-kadence-advancedheading.kt-adv-heading62790_52318d-17[data-kb-block=\"kb-adv-heading62790_52318d-17\"] img.kb-inline-image{width:150px;vertical-align:baseline;}<\/style>\n<h1 class=\"kt-adv-heading62790_52318d-17 wp-block-kadence-advancedheading\" data-kb-block=\"kb-adv-heading62790_52318d-17\">Community Award<\/h1>\n\n\n\n<div style=\"height:29px\" aria-hidden=\"true\" class=\"wp-block-spacer\"><\/div>\n\n\n<div class=\"wp-block-image is-style-default\">\n<figure class=\"aligncenter size-large is-resized has-custom-border\"><img loading=\"lazy\" decoding=\"async\" src=\"https:\/\/www.24hracing.at\/wp-content\/uploads\/2019\/03\/logo_hu-1024x669.png\" alt=\"\" class=\"wp-image-53844\" style=\"border-radius:2px;width:256px;height:167px\" width=\"256\" height=\"167\" srcset=\"https:\/\/www.24hracing.at\/wp-content\/uploads\/2019\/03\/logo_hu-1024x669.png 1024w, https:\/\/www.24hracing.at\/wp-content\/uploads\/2019\/03\/logo_hu-300x196.png 300w, https:\/\/www.24hracing.at\/wp-content\/uploads\/2019\/03\/logo_hu-768x502.png 768w, https:\/\/www.24hracing.at\/wp-content\/uploads\/2019\/03\/logo_hu-700x458.png 700w\" sizes=\"auto, (max-width: 256px) 100vw, 256px\" \/><\/figure>\n<\/div>\n\n<style>.wp-block-kadence-advancedheading.kt-adv-heading62790_7837f2-59, .wp-block-kadence-advancedheading.kt-adv-heading62790_7837f2-59[data-kb-block=\"kb-adv-heading62790_7837f2-59\"]{padding-top:20px;margin-top:0px;text-align:center;font-weight:600;font-style:normal;font-family:Inter;color:#4b4b4b;}.wp-block-kadence-advancedheading.kt-adv-heading62790_7837f2-59 mark.kt-highlight, .wp-block-kadence-advancedheading.kt-adv-heading62790_7837f2-59[data-kb-block=\"kb-adv-heading62790_7837f2-59\"] mark.kt-highlight{font-style:normal;color:#f76a0c;-webkit-box-decoration-break:clone;box-decoration-break:clone;padding-top:0px;padding-right:0px;padding-bottom:0px;padding-left:0px;}.wp-block-kadence-advancedheading.kt-adv-heading62790_7837f2-59 img.kb-inline-image, .wp-block-kadence-advancedheading.kt-adv-heading62790_7837f2-59[data-kb-block=\"kb-adv-heading62790_7837f2-59\"] img.kb-inline-image{width:150px;vertical-align:baseline;}<\/style>\n<h4 class=\"kt-adv-heading62790_7837f2-59 wp-block-kadence-advancedheading\" data-kb-block=\"kb-adv-heading62790_7837f2-59\">24 HOURS OF RACING | 2-3. September 2023 | Kecel Ring<\/h4>\n\n\n\n<div style=\"height:42px\" aria-hidden=\"true\" class=\"wp-block-spacer\"><\/div>\n\n\n\n<div class=\"wp-block-buttons is-horizontal is-content-justification-center is-layout-flex wp-container-core-buttons-is-layout-499968f5 wp-block-buttons-is-layout-flex\">\n<div class=\"wp-block-button\"><a class=\"wp-block-button__link wp-element-button\" href=\"https:\/\/www.24hracing.at\/kecel\">Kecel Ring<\/a><\/div>\n\n\n\n<div class=\"wp-block-button\"><a class=\"wp-block-button__link wp-element-button\" href=\"https:\/\/www.24hracing.at\/teams-kecel-2023\/\">Teams KEcel 2023<\/a><\/div>\n<\/div>\n\n\n\n<div style=\"height:76px\" aria-hidden=\"true\" class=\"wp-block-spacer\"><\/div>\n\n\n<style>.wp-block-kadence-advancedheading.kt-adv-heading62790_e034a1-93, .wp-block-kadence-advancedheading.kt-adv-heading62790_e034a1-93[data-kb-block=\"kb-adv-heading62790_e034a1-93\"]{text-align:center;font-weight:600;font-style:normal;font-family:Inter;color:#4b4b4b;}.wp-block-kadence-advancedheading.kt-adv-heading62790_e034a1-93 mark.kt-highlight, .wp-block-kadence-advancedheading.kt-adv-heading62790_e034a1-93[data-kb-block=\"kb-adv-heading62790_e034a1-93\"] mark.kt-highlight{font-style:normal;color:#f76a0c;-webkit-box-decoration-break:clone;box-decoration-break:clone;padding-top:0px;padding-right:0px;padding-bottom:0px;padding-left:0px;}.wp-block-kadence-advancedheading.kt-adv-heading62790_e034a1-93 img.kb-inline-image, .wp-block-kadence-advancedheading.kt-adv-heading62790_e034a1-93[data-kb-block=\"kb-adv-heading62790_e034a1-93\"] img.kb-inline-image{width:150px;vertical-align:baseline;}<\/style>\n<h4 class=\"kt-adv-heading62790_e034a1-93 wp-block-kadence-advancedheading\" data-kb-block=\"kb-adv-heading62790_e034a1-93\">Stimme hier f\u00fcr deinen Favoriten ab.<\/h4>\n\n\n\n<div style=\"height:9px\" aria-hidden=\"true\" class=\"wp-block-spacer\"><\/div>\n\n\n<style>.wp-block-kadence-advancedheading.kt-adv-heading62790_4d9208-32, .wp-block-kadence-advancedheading.kt-adv-heading62790_4d9208-32[data-kb-block=\"kb-adv-heading62790_4d9208-32\"]{text-align:center;font-weight:600;font-style:normal;font-family:Inter;color:#4b4b4b;}.wp-block-kadence-advancedheading.kt-adv-heading62790_4d9208-32 mark.kt-highlight, .wp-block-kadence-advancedheading.kt-adv-heading62790_4d9208-32[data-kb-block=\"kb-adv-heading62790_4d9208-32\"] mark.kt-highlight{font-style:normal;color:#f76a0c;-webkit-box-decoration-break:clone;box-decoration-break:clone;padding-top:0px;padding-right:0px;padding-bottom:0px;padding-left:0px;}.wp-block-kadence-advancedheading.kt-adv-heading62790_4d9208-32 img.kb-inline-image, .wp-block-kadence-advancedheading.kt-adv-heading62790_4d9208-32[data-kb-block=\"kb-adv-heading62790_4d9208-32\"] img.kb-inline-image{width:150px;vertical-align:baseline;}<\/style>\n<h5 class=\"kt-adv-heading62790_4d9208-32 wp-block-kadence-advancedheading\" data-kb-block=\"kb-adv-heading62790_4d9208-32\">Das Gewinner-Team wird bei der Siegerehrung bekanntgegeben.<\/h5>\n\n\n\n<div style=\"height:35px\" aria-hidden=\"true\" class=\"wp-block-spacer\"><\/div>\n\n\n<style>.wp-block-kadence-icon.kt-svg-icons62790_986927-26{justify-content:center;}<\/style>\n<div class=\"wp-block-kadence-icon kt-svg-icons kt-svg-icons62790_986927-26 alignnone\"><style>.kt-svg-item-62790_708b53-e3 .kb-svg-icon-wrap, .kt-svg-style-stacked.kt-svg-item-62790_708b53-e3 .kb-svg-icon-wrap{color:#444444;font-size:59px;}<\/style>\n<div class=\"wp-block-kadence-single-icon kt-svg-style-default kt-svg-icon-wrap kt-svg-item-62790_708b53-e3\"><span class=\"kb-svg-icon-wrap kb-svg-icon-fas_chevron-circle-down\"><svg viewBox=\"0 0 512 512\"  fill=\"currentColor\" xmlns=\"http:\/\/www.w3.org\/2000\/svg\"  aria-hidden=\"true\"><path d=\"M504 256c0 137-111 248-248 248S8 393 8 256 119 8 256 8s248 111 248 248zM273 369.9l135.5-135.5c9.4-9.4 9.4-24.6 0-33.9l-17-17c-9.4-9.4-24.6-9.4-33.9 0L256 285.1 154.4 183.5c-9.4-9.4-24.6-9.4-33.9 0l-17 17c-9.4 9.4-9.4 24.6 0 33.9L239 369.9c9.4 9.4 24.6 9.4 34 0z\"\/><\/svg><\/span><\/div>\n<\/div>\n<\/div><\/div>\n\n<\/div><\/div>\n\n<style>.kb-row-layout-wrap.wp-block-kadence-rowlayout.kb-row-layout-id62790_e577db-02{margin-top:0px;margin-bottom:0px;}.kb-row-layout-id62790_e577db-02 > .kt-row-column-wrap{align-content:center;}:where(.kb-row-layout-id62790_e577db-02 > .kt-row-column-wrap) > .wp-block-kadence-column{justify-content:center;}.kb-row-layout-id62790_e577db-02 > .kt-row-column-wrap{column-gap:var(--global-kb-gap-md, 2rem);row-gap:var(--global-kb-gap-md, 2rem);padding-top:0px;padding-bottom:0px;grid-template-columns:minmax(0, 1fr);}.kb-row-layout-id62790_e577db-02 > .kt-row-layout-overlay{opacity:0.30;}@media all and (max-width: 1024px){.kb-row-layout-id62790_e577db-02 > .kt-row-column-wrap{grid-template-columns:minmax(0, 1fr);}}@media all and (max-width: 767px){.kb-row-layout-id62790_e577db-02 > .kt-row-column-wrap{grid-template-columns:minmax(0, 1fr);}}<\/style><div class=\"kb-row-layout-wrap kb-row-layout-id62790_e577db-02 alignwide wp-block-kadence-rowlayout\"><div class=\"kt-row-column-wrap kt-has-1-columns kt-row-layout-equal kt-tab-layout-inherit kt-mobile-layout-row kt-row-valign-middle\">\n<style>.kadence-column62790_8abc87-1a > .kt-inside-inner-col,.kadence-column62790_8abc87-1a > .kt-inside-inner-col:before{border-top-left-radius:0px;border-top-right-radius:0px;border-bottom-right-radius:0px;border-bottom-left-radius:0px;}.kadence-column62790_8abc87-1a > .kt-inside-inner-col{column-gap:var(--global-kb-gap-sm, 1rem);}.kadence-column62790_8abc87-1a > .kt-inside-inner-col{flex-direction:column;}.kadence-column62790_8abc87-1a > .kt-inside-inner-col > .aligncenter{width:100%;}.kadence-column62790_8abc87-1a > .kt-inside-inner-col:before{opacity:0.3;}.kadence-column62790_8abc87-1a{text-align:center;}.kadence-column62790_8abc87-1a{position:relative;}@media all and (max-width: 1024px){.kadence-column62790_8abc87-1a > .kt-inside-inner-col{flex-direction:column;justify-content:center;}}@media all and (max-width: 767px){.kadence-column62790_8abc87-1a > .kt-inside-inner-col{flex-direction:column;justify-content:center;}}<\/style>\n<div class=\"wp-block-kadence-column kadence-column62790_8abc87-1a kvs-lg-false kvs-md-false kvs-sm-false inner-column-1\"><div class=\"kt-inside-inner-col\"><p>[TS_Poll id=&#8220;20&#8243;]<\/p>\n<\/div><\/div>\n\n<\/div><\/div>\n\n<style>.kb-row-layout-id62790_cf85f9-a9 > .kt-row-column-wrap{align-content:start;}:where(.kb-row-layout-id62790_cf85f9-a9 > .kt-row-column-wrap) > .wp-block-kadence-column{justify-content:start;}.kb-row-layout-id62790_cf85f9-a9 > .kt-row-column-wrap{column-gap:var(--global-kb-gap-md, 2rem);row-gap:var(--global-kb-gap-md, 2rem);padding-top:var(--global-kb-spacing-sm, 1.5rem);padding-bottom:var(--global-kb-spacing-sm, 1.5rem);grid-template-columns:minmax(0, 1fr);}.kb-row-layout-id62790_cf85f9-a9{border-top-left-radius:3px;border-top-right-radius:3px;border-bottom-right-radius:3px;border-bottom-left-radius:3px;overflow:clip;isolation:isolate;}.kb-row-layout-id62790_cf85f9-a9 > .kt-row-layout-overlay{border-top-left-radius:3px;border-top-right-radius:3px;border-bottom-right-radius:3px;border-bottom-left-radius:3px;}.kb-row-layout-id62790_cf85f9-a9{border-top:3px solid #a81414;border-right:3px solid #a81414;border-bottom:3px solid #a81414;border-left:3px solid #a81414;}.kb-row-layout-id62790_cf85f9-a9 > .kt-row-layout-overlay{opacity:0.30;}@media all and (max-width: 1024px){.kb-row-layout-id62790_cf85f9-a9 > .kt-row-column-wrap{grid-template-columns:minmax(0, 1fr);}}@media all and (max-width: 1024px){.kb-row-layout-id62790_cf85f9-a9{border-top:3px solid #a81414;border-right:3px solid #a81414;border-bottom:3px solid #a81414;border-left:3px solid #a81414;}}@media all and (max-width: 767px){.kb-row-layout-id62790_cf85f9-a9 > .kt-row-column-wrap{grid-template-columns:minmax(0, 1fr);}.kb-row-layout-id62790_cf85f9-a9{border-top:3px solid #a81414;border-right:3px solid #a81414;border-bottom:3px solid #a81414;border-left:3px solid #a81414;}}<\/style><div class=\"kb-row-layout-wrap kb-row-layout-id62790_cf85f9-a9 alignwide wp-block-kadence-rowlayout\"><div class=\"kt-row-column-wrap kt-has-1-columns kt-row-layout-equal kt-tab-layout-inherit kt-mobile-layout-row kt-row-valign-top\">\n<style>.kadence-column62790_93f008-5d > .kt-inside-inner-col,.kadence-column62790_93f008-5d > .kt-inside-inner-col:before{border-top-left-radius:0px;border-top-right-radius:0px;border-bottom-right-radius:0px;border-bottom-left-radius:0px;}.kadence-column62790_93f008-5d > .kt-inside-inner-col{column-gap:var(--global-kb-gap-sm, 1rem);}.kadence-column62790_93f008-5d > .kt-inside-inner-col{flex-direction:column;}.kadence-column62790_93f008-5d > .kt-inside-inner-col > .aligncenter{width:100%;}.kadence-column62790_93f008-5d > .kt-inside-inner-col:before{opacity:0.3;}.kadence-column62790_93f008-5d{position:relative;}@media all and (max-width: 1024px){.kadence-column62790_93f008-5d > .kt-inside-inner-col{flex-direction:column;justify-content:center;}}@media all and (max-width: 767px){.kadence-column62790_93f008-5d > .kt-inside-inner-col{flex-direction:column;justify-content:center;}}<\/style>\n<div class=\"wp-block-kadence-column kadence-column62790_93f008-5d\"><div class=\"kt-inside-inner-col\">\n<h2 class=\"wp-block-heading has-text-align-center has-normal-font-size\">Das Voting ist beendet!<\/h2>\n<\/div><\/div>\n\n<\/div><\/div>","protected":false},"excerpt":{"rendered":"<p>Community Award 24 HOURS OF RACING | 2-3. September 2023 | Kecel Ring Stimme hier f\u00fcr deinen Favoriten ab. Das Gewinner-Team wird bei der Siegerehrung bekanntgegeben. Das Voting ist beendet!<\/p>","protected":false},"author":7,"featured_media":0,"parent":0,"menu_order":2,"comment_status":"closed","ping_status":"closed","template":"","meta":{"footnotes":""},"class_list":["post-62790","page","type-page","status-publish","hentry","entry"],"_links":{"self":[{"href":"https:\/\/www.24hracing.at\/hu\/wp-json\/wp\/v2\/pages\/62790","targetHints":{"allow":["GET"]}}],"collection":[{"href":"https:\/\/www.24hracing.at\/hu\/wp-json\/wp\/v2\/pages"}],"about":[{"href":"https:\/\/www.24hracing.at\/hu\/wp-json\/wp\/v2\/types\/page"}],"author":[{"embeddable":true,"href":"https:\/\/www.24hracing.at\/hu\/wp-json\/wp\/v2\/users\/7"}],"replies":[{"embeddable":true,"href":"https:\/\/www.24hracing.at\/hu\/wp-json\/wp\/v2\/comments?post=62790"}],"version-history":[{"count":15,"href":"https:\/\/www.24hracing.at\/hu\/wp-json\/wp\/v2\/pages\/62790\/revisions"}],"predecessor-version":[{"id":79329,"href":"https:\/\/www.24hracing.at\/hu\/wp-json\/wp\/v2\/pages\/62790\/revisions\/79329"}],"wp:attachment":[{"href":"https:\/\/www.24hracing.at\/hu\/wp-json\/wp\/v2\/media?parent=62790"}],"curies":[{"name":"wp","href":"https:\/\/api.w.org\/{rel}","templated":true}]}}