{"id":70937,"date":"2022-04-30T12:33:45","date_gmt":"2022-04-30T10:33:45","guid":{"rendered":"https:\/\/www.24hracing.at\/?page_id=70937"},"modified":"2022-09-03T12:42:56","modified_gmt":"2022-09-03T10:42:56","slug":"livetiming-info","status":"publish","type":"page","link":"https:\/\/www.24hracing.at\/hu\/livetiming-info\/","title":{"rendered":"ID\u0150M\u00c9R\u00c9S"},"content":{"rendered":"<style>#kt-layout-id_22ca20-ca > .kt-row-column-wrap{align-content:center;}:where(#kt-layout-id_22ca20-ca > .kt-row-column-wrap) > .wp-block-kadence-column{justify-content:center;}#kt-layout-id_22ca20-ca > .kt-row-column-wrap{column-gap:80px;row-gap:var(--global-kb-gap-md, 2rem);max-width:1140px;margin-left:auto;margin-right:auto;padding-top:var( --global-kb-row-default-top, 25px );padding-bottom:var( --global-kb-row-default-bottom, 25px );padding-top:100px;padding-bottom:100px;grid-template-columns:repeat(2, minmax(0, 1fr));}#kt-layout-id_22ca20-ca > .kt-row-layout-overlay{opacity:1;background-image:linear-gradient(339deg, #3d4652 43%, #575c70 56%);mix-blend-mode:multiply;}#kt-layout-id_22ca20-ca ,#kt-layout-id_22ca20-ca h1,#kt-layout-id_22ca20-ca h2,#kt-layout-id_22ca20-ca h3,#kt-layout-id_22ca20-ca h4,#kt-layout-id_22ca20-ca h5,#kt-layout-id_22ca20-ca h6{color:#fff;}#kt-layout-id_22ca20-ca .kt-row-layout-bottom-sep{height:100px;}#kt-layout-id_22ca20-ca .kt-row-layout-bottom-sep svg{width:100%;}#kt-layout-id_22ca20-ca .kt-row-layout-bottom-sep svg{fill:#ffffff!important;}@media all and (max-width: 1024px){#kt-layout-id_22ca20-ca > .kt-row-column-wrap{grid-template-columns:repeat(2, minmax(0, 1fr));}}@media all and (max-width: 1024px){#kt-layout-id_22ca20-ca .kt-row-layout-bottom-sep{height:px;}}@media all and (max-width: 1024px){#kt-layout-id_22ca20-ca .kt-row-layout-bottom-sep svg{width:%;}}@media all and (max-width: 767px){#kt-layout-id_22ca20-ca > .kt-row-column-wrap{grid-template-columns:minmax(0, 1fr);}#kt-layout-id_22ca20-ca .kt-row-layout-bottom-sep{height:px;}#kt-layout-id_22ca20-ca .kt-row-layout-bottom-sep svg{width:%;}#kt-layout-id_22ca20-ca{display:none !important;}}<\/style>\n<div class=\"wp-block-kadence-rowlayout alignfull kvs-sm-false\"><div id=\"kt-layout-id_22ca20-ca\" class=\"kt-row-layout-inner kt-row-has-bg kt-layout-id_22ca20-ca\"><div class=\"kt-row-layout-overlay kt-row-overlay-gradient\"><\/div><div class=\"kt-row-column-wrap kt-has-2-columns kt-gutter-widest kt-v-gutter-default kt-row-valign-middle kt-row-layout-equal kt-tab-layout-inherit kt-m-colapse-left-to-right kt-mobile-layout-row\"><style>.kadence-column_411d2c-b8 > .kt-inside-inner-col{border-top-width:0px;border-right-width:0px;border-bottom-width:0px;border-left-width:0px;}.kadence-column_411d2c-b8 > .kt-inside-inner-col,.kadence-column_411d2c-b8 > .kt-inside-inner-col:before{border-top-left-radius:0px;border-top-right-radius:0px;border-bottom-right-radius:0px;border-bottom-left-radius:0px;}.kadence-column_411d2c-b8 > .kt-inside-inner-col{column-gap:var(--global-kb-gap-sm, 1rem);}.kadence-column_411d2c-b8 > .kt-inside-inner-col{flex-direction:column;}.kadence-column_411d2c-b8 > .kt-inside-inner-col > .aligncenter{width:100%;}.kadence-column_411d2c-b8 > .kt-inside-inner-col:before{opacity:0.3;}.kadence-column_411d2c-b8{text-align:left;}.kadence-column_411d2c-b8{position:relative;}@media all and (max-width: 1024px){.kadence-column_411d2c-b8 > .kt-inside-inner-col{flex-direction:column;justify-content:center;}}@media all and (max-width: 767px){.kadence-column_411d2c-b8{text-align:center;}.kadence-column_411d2c-b8 > .kt-inside-inner-col{flex-direction:column;justify-content:center;}}<\/style>\n<div class=\"wp-block-kadence-column inner-column-1 kadence-column_411d2c-b8\"><div class=\"kt-inside-inner-col\">\n<figure class=\"wp-block-image size-large is-style-tw-shadow\" style=\"border-radius:7px\"><img loading=\"lazy\" decoding=\"async\" width=\"1024\" height=\"683\" src=\"https:\/\/www.24hracing.at\/wp-content\/uploads\/2022\/04\/livetiming-1024x683.png\" alt=\"\" class=\"wp-image-70975\" srcset=\"https:\/\/www.24hracing.at\/wp-content\/uploads\/2022\/04\/livetiming-1024x683.png 1024w, https:\/\/www.24hracing.at\/wp-content\/uploads\/2022\/04\/livetiming-300x200.png 300w, https:\/\/www.24hracing.at\/wp-content\/uploads\/2022\/04\/livetiming-768x512.png 768w, https:\/\/www.24hracing.at\/wp-content\/uploads\/2022\/04\/livetiming-18x12.png 18w, https:\/\/www.24hracing.at\/wp-content\/uploads\/2022\/04\/livetiming.png 1211w\" sizes=\"auto, (max-width: 1024px) 100vw, 1024px\" \/><\/figure>\n<\/div><\/div>\n\n\n<style>.kadence-column_a00370-28 > .kt-inside-inner-col{border-top-width:0px;border-right-width:0px;border-bottom-width:0px;border-left-width:0px;}.kadence-column_a00370-28 > .kt-inside-inner-col,.kadence-column_a00370-28 > .kt-inside-inner-col:before{border-top-left-radius:0px;border-top-right-radius:0px;border-bottom-right-radius:0px;border-bottom-left-radius:0px;}.kadence-column_a00370-28 > .kt-inside-inner-col{column-gap:var(--global-kb-gap-sm, 1rem);}.kadence-column_a00370-28 > .kt-inside-inner-col{flex-direction:column;}.kadence-column_a00370-28 > .kt-inside-inner-col > .aligncenter{width:100%;}.kadence-column_a00370-28 > .kt-inside-inner-col:before{opacity:0.3;}.kadence-column_a00370-28{text-align:left;}.kadence-column_a00370-28{position:relative;}@media all and (max-width: 1024px){.kadence-column_a00370-28 > .kt-inside-inner-col{flex-direction:column;justify-content:center;}}@media all and (max-width: 767px){.kadence-column_a00370-28{text-align:center;}.kadence-column_a00370-28 > .kt-inside-inner-col{flex-direction:column;justify-content:center;}}<\/style>\n<div class=\"wp-block-kadence-column inner-column-2 kadence-column_a00370-28\"><div class=\"kt-inside-inner-col\"><style>.wp-block-kadence-advancedheading.kt-adv-heading_d41427-03, .wp-block-kadence-advancedheading.kt-adv-heading_d41427-03[data-kb-block=\"kb-adv-heading_d41427-03\"]{margin-top:0.1em;margin-bottom:0.1em;line-height:1.5em;font-weight:800;font-style:normal;font-family:Inter;text-transform:capitalize;color:#fff;}.wp-block-kadence-advancedheading.kt-adv-heading_d41427-03 mark.kt-highlight, .wp-block-kadence-advancedheading.kt-adv-heading_d41427-03[data-kb-block=\"kb-adv-heading_d41427-03\"] mark.kt-highlight{font-style:normal;color:#f76a0c;-webkit-box-decoration-break:clone;box-decoration-break:clone;padding-top:0px;padding-right:0px;padding-bottom:0px;padding-left:0px;}.wp-block-kadence-advancedheading.kt-adv-heading_d41427-03 img.kb-inline-image, .wp-block-kadence-advancedheading.kt-adv-heading_d41427-03[data-kb-block=\"kb-adv-heading_d41427-03\"] img.kb-inline-image{width:150px;vertical-align:baseline;}@media all and (max-width: 767px){.wp-block-kadence-advancedheading.kt-adv-heading_d41427-03, .wp-block-kadence-advancedheading.kt-adv-heading_d41427-03[data-kb-block=\"kb-adv-heading_d41427-03\"]{font-size:2.8em;}}<\/style>\n<h2 class=\"kt-adv-heading_d41427-03 wp-block-kadence-advancedheading\" data-kb-block=\"kb-adv-heading_d41427-03\">Livetiming Website<\/h2>\n\n\n<style>.wp-block-kadence-advancedheading.kt-adv-heading_3b5c72-b9, .wp-block-kadence-advancedheading.kt-adv-heading_3b5c72-b9[data-kb-block=\"kb-adv-heading_3b5c72-b9\"]{margin-bottom:1em;font-weight:400;font-style:normal;letter-spacing:0px;}.wp-block-kadence-advancedheading.kt-adv-heading_3b5c72-b9 mark.kt-highlight, .wp-block-kadence-advancedheading.kt-adv-heading_3b5c72-b9[data-kb-block=\"kb-adv-heading_3b5c72-b9\"] mark.kt-highlight{font-style:normal;color:#f76a0c;-webkit-box-decoration-break:clone;box-decoration-break:clone;padding-top:0px;padding-right:0px;padding-bottom:0px;padding-left:0px;}.wp-block-kadence-advancedheading.kt-adv-heading_3b5c72-b9 img.kb-inline-image, .wp-block-kadence-advancedheading.kt-adv-heading_3b5c72-b9[data-kb-block=\"kb-adv-heading_3b5c72-b9\"] img.kb-inline-image{width:150px;vertical-align:baseline;}<\/style>\n<h5 class=\"kt-adv-heading_3b5c72-b9 wp-block-kadence-advancedheading\" data-kb-block=\"kb-adv-heading_3b5c72-b9\">Aktuelle Ergebnisse und Strafen live w\u00e4hrend des Rennens.<\/h5>\n\n\n<style>.wp-block-kadence-advancedbtn.kb-btns_3ea5f7-5b{gap:var(--global-kb-gap-xs, 0.5rem );justify-content:flex-start;align-items:center;}.kt-btns_3ea5f7-5b .kt-button{font-style:normal;}.wp-block-kadence-advancedbtn.kt-btns_3ea5f7-5b .kt-btn-wrap-0 .kt-button{color:#FFFFFF;font-size:16px;background:linear-gradient(180deg, #a81414 0%, #a81414 100%);border-color:#FFFFFF;}.wp-block-kadence-advancedbtn.kt-btns_3ea5f7-5b .kt-btn-wrap-0 .kt-button::before{-webkit-transition:opacity .3s ease-in-out;-moz-transition:opacity .3s ease-in-out;transition:opacity .3s ease-in-out;}@media all and (max-width: 767px){.wp-block-kadence-advancedbtn.kb-btns_3ea5f7-5b{justify-content:center;}}<\/style>\n<div class=\"wp-block-kadence-advancedbtn kt-btn-align-left kt-btn-tablet-align-inherit kt-btn-mobile-align-center kt-btns-wrap kt-btns_3ea5f7-5b\"><div class=\"kt-btn-wrap kt-btn-wrap-0\"><a class=\"kt-button button kt-btn-0-action kt-btn-size-standard kt-btn-style-basic kt-btn-svg-show-always kt-btn-has-text-true kt-btn-has-svg-false\" href=\"https:\/\/timekeeping.24hracing.at\" style=\"border-radius:3px;border-width:0px\"><span class=\"kt-btn-inner-text\">timekeeping.24hracing.at<\/span><\/a><\/div><\/div>\n<\/div><\/div>\n<\/div><\/div><\/div>\n\n\n\n<div style=\"height:20px\" aria-hidden=\"true\" class=\"wp-block-spacer\"><\/div>\n\n\n<style>.wp-block-kadence-advancedheading.kt-adv-heading_6cd514-16, .wp-block-kadence-advancedheading.kt-adv-heading_6cd514-16[data-kb-block=\"kb-adv-heading_6cd514-16\"]{font-weight:800;font-style:normal;font-family:Inter;text-transform:uppercase;}.wp-block-kadence-advancedheading.kt-adv-heading_6cd514-16 mark.kt-highlight, .wp-block-kadence-advancedheading.kt-adv-heading_6cd514-16[data-kb-block=\"kb-adv-heading_6cd514-16\"] mark.kt-highlight{font-style:normal;color:#f76a0c;-webkit-box-decoration-break:clone;box-decoration-break:clone;padding-top:0px;padding-right:0px;padding-bottom:0px;padding-left:0px;}.wp-block-kadence-advancedheading.kt-adv-heading_6cd514-16 img.kb-inline-image, .wp-block-kadence-advancedheading.kt-adv-heading_6cd514-16[data-kb-block=\"kb-adv-heading_6cd514-16\"] img.kb-inline-image{width:150px;vertical-align:baseline;}<\/style>\n<h2 class=\"kt-adv-heading_6cd514-16 wp-block-kadence-advancedheading\" data-kb-block=\"kb-adv-heading_6cd514-16\">Livetiming f\u00fcr dein Smartphone<\/h2>\n\n\n<style>.wp-block-kadence-column.kb-section-dir-horizontal > .kt-inside-inner-col > #kt-info-box_e4a123-87 .kt-blocks-info-box-link-wrap{max-width:unset;}#kt-info-box_e4a123-87 .kt-blocks-info-box-link-wrap{border-color:#888888;border-radius:5px;border-top-width:0px;border-right-width:0px;border-bottom-width:0px;border-left-width:0px;background:#FFFFFF;padding-top:5px;padding-right:5px;padding-bottom:5px;padding-left:5px;}#kt-info-box_e4a123-87 .kt-blocks-info-box-link-wrap:hover{border-color:#888888;background:#FFFFFF;}#kt-info-box_e4a123-87 .kadence-info-box-icon-container .kt-info-svg-icon, #kt-info-box_e4a123-87 .kt-info-svg-icon-flip, #kt-info-box_e4a123-87 .kt-blocks-info-box-number{font-size:50px;}#kt-info-box_e4a123-87 .kt-blocks-info-box-media{color:#a81414;background:#fff;border-color:#444444;border-radius:100px;overflow:hidden;border-top-width:0px;border-right-width:0px;border-bottom-width:0px;border-left-width:0px;padding-top:5px;padding-right:5px;padding-bottom:5px;padding-left:5px;margin-top:0px;margin-right:20px;margin-bottom:0px;margin-left:0px;}#kt-info-box_e4a123-87 .kt-blocks-info-box-media .kadence-info-box-image-intrisic img{border-radius:100px;}#kt-info-box_e4a123-87 .kt-blocks-info-box-link-wrap:hover .kt-blocks-info-box-media{color:#a81414;background:#f4f4f4;border-color:#444;}#kt-info-box_e4a123-87 .kt-infobox-textcontent h3.kt-blocks-info-box-title{color:#000000;font-size:2em;font-family:Roboto;font-style:normal;font-weight:700;padding-top:0px;padding-right:0px;padding-bottom:0px;padding-left:0px;margin-top:0px;margin-right:0px;margin-bottom:10px;margin-left:0px;}#kt-info-box_e4a123-87 .kt-infobox-textcontent .kt-blocks-info-box-text{color:#000000;}.wp-block-kadence-infobox#kt-info-box_e4a123-87 .kt-blocks-info-box-text{text-transform:none;}#kt-info-box_e4a123-87 .kt-blocks-info-box-learnmore{background:transparent;border-color:#555555;border-width:0px 0px 0px 0px;padding-top:4px;padding-right:8px;padding-bottom:4px;padding-left:8px;margin-top:10px;margin-right:0px;margin-bottom:10px;margin-left:0px;}#kt-info-box_e4a123-87 .kt-blocks-info-box-link-wrap:hover .kt-blocks-info-box-learnmore,#kt-info-box_e4a123-87 .kt-blocks-info-box-link-wrap .kt-blocks-info-box-learnmore:focus{color:#ffffff;background:#444444;border-color:#444444;}@media all and (max-width: 767px){#kt-info-box_e4a123-87 .kt-blocks-info-box-link-wrap{text-align:left;}}<\/style>\n<div id=\"kt-info-box_e4a123-87\" class=\"wp-block-kadence-infobox\"><a class=\"kt-blocks-info-box-link-wrap info-box-link kt-blocks-info-box-media-align-left kt-info-halign-left kb-info-box-vertical-media-align-top kb-info-mobile-halign-left\"><div class=\"kt-infobox-textcontent\"><p class=\"kt-blocks-info-box-text\">Die 24 HOURS OF RACING App stellt w\u00e4hrend des Rennens Livetiming, Strafen und Infos zu deinem Team direkt auf deinem Smartphone zur Verf\u00fcgung.<\/p><\/div><\/a><\/div>\n\n\n<style>#kt-layout-id_da449a-45 > .kt-row-column-wrap{align-content:center;}:where(#kt-layout-id_da449a-45 > .kt-row-column-wrap) > .wp-block-kadence-column{justify-content:center;}#kt-layout-id_da449a-45 > .kt-row-column-wrap{column-gap:40px;row-gap:40px;max-width:750px;padding-top:var( --global-kb-row-default-top, 25px );padding-bottom:var( --global-kb-row-default-bottom, 25px );padding-top:var(--global-kb-spacing-sm, 1.5rem);padding-bottom:var(--global-kb-spacing-sm, 1.5rem);grid-template-columns:minmax(0, calc(30% - ((40px * 1 )\/2)))minmax(0, calc(70% - ((40px * 1 )\/2)));}#kt-layout-id_da449a-45 > .kt-row-layout-overlay{opacity:0.30;}@media all and (max-width: 1024px){#kt-layout-id_da449a-45 > .kt-row-column-wrap{grid-template-columns:minmax(0, 1fr) minmax(0, 2fr);}}@media all and (max-width: 767px){#kt-layout-id_da449a-45 > .kt-row-column-wrap{grid-template-columns:minmax(0, 1fr);}}<\/style>\n<div class=\"wp-block-kadence-rowlayout alignnone\"><div id=\"kt-layout-id_da449a-45\" class=\"kt-row-layout-inner kt-layout-id_da449a-45\"><div class=\"kt-row-column-wrap kt-has-2-columns kt-gutter-wide kt-v-gutter-wide kt-row-valign-middle kt-row-layout-right-golden kt-tab-layout-inherit kt-m-colapse-left-to-right kt-mobile-layout-row  kt-custom-first-width-30  kt-custom-second-width-70 kb-theme-content-width\"><style>.kadence-column_f8db16-07 > .kt-inside-inner-col{border-top-width:0px;border-right-width:0px;border-bottom-width:0px;border-left-width:0px;}.kadence-column_f8db16-07 > .kt-inside-inner-col,.kadence-column_f8db16-07 > .kt-inside-inner-col:before{border-top-left-radius:0px;border-top-right-radius:0px;border-bottom-right-radius:0px;border-bottom-left-radius:0px;}.kadence-column_f8db16-07 > .kt-inside-inner-col{column-gap:var(--global-kb-gap-sm, 1rem);}.kadence-column_f8db16-07 > .kt-inside-inner-col{flex-direction:column;}.kadence-column_f8db16-07 > .kt-inside-inner-col > .aligncenter{width:100%;}.kadence-column_f8db16-07 > .kt-inside-inner-col:before{opacity:0.3;}.kadence-column_f8db16-07{position:relative;}@media all and (max-width: 1024px){.kadence-column_f8db16-07 > .kt-inside-inner-col{flex-direction:column;justify-content:center;}}@media all and (max-width: 767px){.kadence-column_f8db16-07 > .kt-inside-inner-col{flex-direction:column;justify-content:center;}}<\/style>\n<div class=\"wp-block-kadence-column inner-column-1 kadence-column_f8db16-07\"><div class=\"kt-inside-inner-col\">\n<figure class=\"wp-block-image size-large\"><img loading=\"lazy\" decoding=\"async\" width=\"550\" height=\"1024\" src=\"https:\/\/www.24hracing.at\/wp-content\/uploads\/2022\/04\/app_phone2_small-550x1024.png\" alt=\"\" class=\"wp-image-70939\" srcset=\"https:\/\/www.24hracing.at\/wp-content\/uploads\/2022\/04\/app_phone2_small-550x1024.png 550w, https:\/\/www.24hracing.at\/wp-content\/uploads\/2022\/04\/app_phone2_small-161x300.png 161w, https:\/\/www.24hracing.at\/wp-content\/uploads\/2022\/04\/app_phone2_small-6x12.png 6w, https:\/\/www.24hracing.at\/wp-content\/uploads\/2022\/04\/app_phone2_small.png 600w\" sizes=\"auto, (max-width: 550px) 100vw, 550px\" \/><\/figure>\n<\/div><\/div>\n\n\n<style>.kadence-column_dc8fce-5b > .kt-inside-inner-col{border-top-width:0px;border-right-width:0px;border-bottom-width:0px;border-left-width:0px;}.kadence-column_dc8fce-5b > .kt-inside-inner-col,.kadence-column_dc8fce-5b > .kt-inside-inner-col:before{border-top-left-radius:0px;border-top-right-radius:0px;border-bottom-right-radius:0px;border-bottom-left-radius:0px;}.kadence-column_dc8fce-5b > .kt-inside-inner-col{column-gap:var(--global-kb-gap-sm, 1rem);}.kadence-column_dc8fce-5b > .kt-inside-inner-col{flex-direction:column;}.kadence-column_dc8fce-5b > .kt-inside-inner-col > .aligncenter{width:100%;}.kadence-column_dc8fce-5b > .kt-inside-inner-col:before{opacity:0.3;}.kadence-column_dc8fce-5b{position:relative;}@media all and (max-width: 1024px){.kadence-column_dc8fce-5b > .kt-inside-inner-col{flex-direction:column;justify-content:center;}}@media all and (max-width: 767px){.kadence-column_dc8fce-5b{text-align:left;}.kadence-column_dc8fce-5b > .kt-inside-inner-col{flex-direction:column;justify-content:center;}}<\/style>\n<div class=\"wp-block-kadence-column inner-column-2 kadence-column_dc8fce-5b kb-section-dir-vertical kb-section-sm-dir-vertical\"><div class=\"kt-inside-inner-col\"><style>.kb-image_d3d807-4b.kb-image-is-ratio-size, .kb-image_d3d807-4b .kb-image-is-ratio-size{max-width:250px;width:100%;}.wp-block-kadence-column > .kt-inside-inner-col > .kb-image_d3d807-4b.kb-image-is-ratio-size, .wp-block-kadence-column > .kt-inside-inner-col > .kb-image_d3d807-4b .kb-image-is-ratio-size{align-self:unset;}.kb-image_d3d807-4b{max-width:250px;}.image-is-svg.kb-image_d3d807-4b{-webkit-flex:0 1 100%;flex:0 1 100%;}.image-is-svg.kb-image_d3d807-4b img{width:100%;}.kb-image_d3d807-4b:not(.kb-image-is-ratio-size) .kb-img, .kb-image_d3d807-4b.kb-image-is-ratio-size{padding-top:15px;padding-right:15px;padding-bottom:15px;padding-left:15px;}.kb-image_d3d807-4b .kb-image-has-overlay:after{opacity:0.3;}@media all and (max-width: 767px){.kb-image_d3d807-4b.kb-image-is-ratio-size, .kb-image_d3d807-4b .kb-image-is-ratio-size{max-width:300px;width:100%;}.kb-image_d3d807-4b{max-width:300px;}}<\/style>\n<figure class=\"wp-block-kadence-image kb-image_d3d807-4b size-full\"><a href=\"https:\/\/play.google.com\/store\/apps\/details?id=com.race.a24hoursofracing_live\" class=\"kb-advanced-image-link\" target=\"_blank\" rel=\"noopener noreferrer\"><img loading=\"lazy\" decoding=\"async\" width=\"400\" height=\"118\" src=\"https:\/\/www.24hracing.at\/wp-content\/uploads\/2022\/05\/Google_Play_Store_badge_EN.png\" alt=\"\" class=\"kb-img wp-image-71000\" srcset=\"https:\/\/www.24hracing.at\/wp-content\/uploads\/2022\/05\/Google_Play_Store_badge_EN.png 400w, https:\/\/www.24hracing.at\/wp-content\/uploads\/2022\/05\/Google_Play_Store_badge_EN-300x89.png 300w, https:\/\/www.24hracing.at\/wp-content\/uploads\/2022\/05\/Google_Play_Store_badge_EN-18x5.png 18w\" sizes=\"auto, (max-width: 400px) 100vw, 400px\" \/><\/a><\/figure>\n\n\n\n<div style=\"height:15px\" aria-hidden=\"true\" class=\"wp-block-spacer\"><\/div>\n\n\n<style>.kb-image_276c79-c2.kb-image-is-ratio-size, .kb-image_276c79-c2 .kb-image-is-ratio-size{max-width:250px;width:100%;}.wp-block-kadence-column > .kt-inside-inner-col > .kb-image_276c79-c2.kb-image-is-ratio-size, .wp-block-kadence-column > .kt-inside-inner-col > .kb-image_276c79-c2 .kb-image-is-ratio-size{align-self:unset;}.kb-image_276c79-c2{max-width:250px;}.image-is-svg.kb-image_276c79-c2{-webkit-flex:0 1 100%;flex:0 1 100%;}.image-is-svg.kb-image_276c79-c2 img{width:100%;}.kb-image_276c79-c2:not(.kb-image-is-ratio-size) .kb-img, .kb-image_276c79-c2.kb-image-is-ratio-size{padding-top:15px;padding-right:15px;padding-bottom:15px;padding-left:15px;}.kb-image_276c79-c2 .kb-image-has-overlay:after{opacity:0.3;}@media all and (max-width: 767px){.kb-image_276c79-c2.kb-image-is-ratio-size, .kb-image_276c79-c2 .kb-image-is-ratio-size{max-width:300px;width:100%;}.kb-image_276c79-c2{max-width:300px;}}<\/style>\n<figure class=\"wp-block-kadence-image kb-image_276c79-c2 size-full\"><a href=\"https:\/\/apps.apple.com\/de\/app\/24h-racing-live\/id1611204171\" class=\"kb-advanced-image-link\" target=\"_blank\" rel=\"noopener noreferrer\"><img loading=\"lazy\" decoding=\"async\" width=\"400\" height=\"119\" src=\"https:\/\/www.24hracing.at\/wp-content\/uploads\/2022\/05\/Download_on_the_App_Store_Badge.png\" alt=\"\" class=\"kb-img wp-image-70999\" srcset=\"https:\/\/www.24hracing.at\/wp-content\/uploads\/2022\/05\/Download_on_the_App_Store_Badge.png 400w, https:\/\/www.24hracing.at\/wp-content\/uploads\/2022\/05\/Download_on_the_App_Store_Badge-300x89.png 300w, https:\/\/www.24hracing.at\/wp-content\/uploads\/2022\/05\/Download_on_the_App_Store_Badge-18x5.png 18w\" sizes=\"auto, (max-width: 400px) 100vw, 400px\" \/><\/a><\/figure>\n\n\n\n<div style=\"height:20px\" aria-hidden=\"true\" class=\"wp-block-spacer\"><\/div>\n\n\n<style>.wp-block-kadence-column.kb-section-dir-horizontal > .kt-inside-inner-col > #kt-info-box_c9c643-ef .kt-blocks-info-box-link-wrap{max-width:unset;}#kt-info-box_c9c643-ef .kt-blocks-info-box-link-wrap{border-color:#888888;border-radius:5px;border-top-width:0px;border-right-width:0px;border-bottom-width:0px;border-left-width:0px;background:#ffffff;padding-top:15px;padding-right:5px;padding-bottom:5px;padding-left:15px;}#kt-info-box_c9c643-ef .kt-blocks-info-box-link-wrap:hover{border-color:#888888;background:#FFFFFF;}#kt-info-box_c9c643-ef .kadence-info-box-icon-container .kt-info-svg-icon, #kt-info-box_c9c643-ef .kt-info-svg-icon-flip, #kt-info-box_c9c643-ef .kt-blocks-info-box-number{font-size:50px;}#kt-info-box_c9c643-ef .kt-blocks-info-box-media{color:#a81414;background:transparent;border-color:#444444;border-top-width:0px;border-right-width:0px;border-bottom-width:0px;border-left-width:0px;padding-top:5px;padding-right:5px;padding-bottom:5px;padding-left:5px;margin-top:0px;margin-right:20px;margin-bottom:0px;margin-left:0px;}#kt-info-box_c9c643-ef .kt-blocks-info-box-link-wrap:hover .kt-blocks-info-box-media{color:#a81414;background:transparent;border-color:#444;}#kt-info-box_c9c643-ef .kt-infobox-textcontent h4.kt-blocks-info-box-title{color:#000000;font-family:Inter;font-style:normal;font-weight:700;padding-top:0px;padding-right:0px;padding-bottom:0px;padding-left:0px;margin-top:0px;margin-right:0px;margin-bottom:10px;margin-left:0px;}#kt-info-box_c9c643-ef .kt-blocks-info-box-learnmore{color:#FFFFFF;background:#a81414;border-color:#a81414;border-radius:3px;font-weight:bold;border-width:0px 0px 0px 0px;padding-top:4px;padding-right:8px;padding-bottom:4px;padding-left:8px;margin-top:10px;margin-right:0px;margin-bottom:10px;margin-left:0px;}#kt-info-box_c9c643-ef .kt-blocks-info-box-link-wrap:hover .kt-blocks-info-box-learnmore,#kt-info-box_c9c643-ef .kt-blocks-info-box-link-wrap .kt-blocks-info-box-learnmore:focus{color:#ffffff;background:#444444;border-color:#444444;}<\/style>\n<div id=\"kt-info-box_c9c643-ef\" class=\"wp-block-kadence-infobox\"><a class=\"kt-blocks-info-box-link-wrap info-box-link kt-blocks-info-box-media-align-left kt-info-halign-left\" href=\"https:\/\/24hracing.at\/live\"><div class=\"kt-infobox-textcontent\"><h4 class=\"kt-blocks-info-box-title\">oder online:<\/h4><\/div><\/a><\/div>\n\n\n<style>.wp-block-kadence-advancedbtn.kb-btns_459e5e-70{gap:var(--global-kb-gap-xs, 0.5rem );justify-content:flex-start;align-items:center;}.kt-btns_459e5e-70 .kt-button{font-style:normal;}.wp-block-kadence-advancedbtn.kt-btns_459e5e-70 .kt-btn-wrap-0 .kt-button{color:#FFFFFF;font-size:16px;background:linear-gradient(180deg, #a81414 0%, #a81414 100%);border-color:#FFFFFF;margin-right:15px;margin-left:15px;}.wp-block-kadence-advancedbtn.kt-btns_459e5e-70 .kt-btn-wrap-0 .kt-button::before{-webkit-transition:opacity .3s ease-in-out;-moz-transition:opacity .3s ease-in-out;transition:opacity .3s ease-in-out;}@media all and (max-width: 767px){.wp-block-kadence-advancedbtn.kb-btns_459e5e-70{justify-content:flex-start;}}<\/style>\n<div class=\"wp-block-kadence-advancedbtn kt-btn-align-left kt-btn-tablet-align-inherit kt-btn-mobile-align-left kt-btns-wrap kt-btns_459e5e-70\"><div class=\"kt-btn-wrap kt-btn-wrap-0\"><a class=\"kt-button button kt-btn-0-action kt-btn-size-standard kt-btn-style-basic kt-btn-svg-show-always kt-btn-has-text-true kt-btn-has-svg-false\" href=\"https:\/\/timekeeping.24hracing.at\" style=\"border-radius:3px;border-width:0px\"><span class=\"kt-btn-inner-text\">timekeeping.24hracing.at<\/span><\/a><\/div><\/div>\n<\/div><\/div>\n<\/div><\/div><\/div>\n","protected":false},"excerpt":{"rendered":"<p>Aktu\u00e1lis eredm\u00e9nyek \u00e9s b\u00fcntet\u00e9sek \u00e9l\u0151ben a verseny ideje alatt.<\/p>","protected":false},"author":7,"featured_media":0,"parent":0,"menu_order":0,"comment_status":"closed","ping_status":"closed","template":"","meta":{"footnotes":""},"class_list":["post-70937","page","type-page","status-publish","hentry","entry"],"_links":{"self":[{"href":"https:\/\/www.24hracing.at\/hu\/wp-json\/wp\/v2\/pages\/70937","targetHints":{"allow":["GET"]}}],"collection":[{"href":"https:\/\/www.24hracing.at\/hu\/wp-json\/wp\/v2\/pages"}],"about":[{"href":"https:\/\/www.24hracing.at\/hu\/wp-json\/wp\/v2\/types\/page"}],"author":[{"embeddable":true,"href":"https:\/\/www.24hracing.at\/hu\/wp-json\/wp\/v2\/users\/7"}],"replies":[{"embeddable":true,"href":"https:\/\/www.24hracing.at\/hu\/wp-json\/wp\/v2\/comments?post=70937"}],"version-history":[{"count":14,"href":"https:\/\/www.24hracing.at\/hu\/wp-json\/wp\/v2\/pages\/70937\/revisions"}],"predecessor-version":[{"id":74733,"href":"https:\/\/www.24hracing.at\/hu\/wp-json\/wp\/v2\/pages\/70937\/revisions\/74733"}],"wp:attachment":[{"href":"https:\/\/www.24hracing.at\/hu\/wp-json\/wp\/v2\/media?parent=70937"}],"curies":[{"name":"wp","href":"https:\/\/api.w.org\/{rel}","templated":true}]}}